{"id":2,"date":"2024-07-12T20:05:07","date_gmt":"2024-07-12T20:05:07","guid":{"rendered":"https:\/\/mitrabostani.com\/?page_id=2"},"modified":"2026-02-16T20:51:50","modified_gmt":"2026-02-16T19:51:50","slug":"sample-page","status":"publish","type":"page","link":"https:\/\/mitrabostani.com\/index.php\/sample-page\/","title":{"rendered":"About Me"},"content":{"rendered":"\n<figure class=\"wp-block-image size-thumbnail\"><img decoding=\"async\" width=\"150\" height=\"150\" src=\"https:\/\/mitrabostani.com\/wp-content\/uploads\/2024\/07\/cropped-thumbnail-150x150.jpg\" alt=\"\" class=\"wp-image-13\" srcset=\"https:\/\/mitrabostani.com\/wp-content\/uploads\/2024\/07\/cropped-thumbnail-150x150.jpg 150w, https:\/\/mitrabostani.com\/wp-content\/uploads\/2024\/07\/cropped-thumbnail-300x300.jpg 300w, https:\/\/mitrabostani.com\/wp-content\/uploads\/2024\/07\/cropped-thumbnail.jpg 512w\" sizes=\"(max-width: 150px) 100vw, 150px\" \/><\/figure>\n\n\n\n<p>Mitra Bostani Nasrabadi<\/p>\n\n\n\n<p>Personal information<\/p>\n\n\n\n<p>Live and work In Hamburg and Bremen<\/p>\n\n\n\n<p>Education<\/p>\n\n\n\n<p>2024- until now Phd Student in Art, Huchschole fur Kunste Bremen, Germany<\/p>\n\n\n\n<p>2020-2023 M.A in Art, Huchschole fur Kunste Bremen, Germany<\/p>\n\n\n\n<p>2013-2015 M.A in Fine Art, University of the Art Soore, Tehran, Iran<\/p>\n\n\n\n<p>Experience<\/p>\n\n\n\n<p>As a Reviewer &amp; Referee<\/p>\n\n\n\n<p>2023- Referee of printmaking open call\/ Bremen, Weserart Gallery<\/p>\n\n\n\n<p>2021-Membership of the Scientific Committee of the National Conference on Knowledge Managment and<\/p>\n\n\n\n<p>Electronic Businesses<\/p>\n\n\n\n<p>As a Teacher<\/p>\n\n\n\n<p>2024- complete costume desing online course<\/p>\n\n\n\n<p>2023-2024- curate and teach to 64 costume and fashion designers, jewelers and visual artists to creating belts and preparing<\/p>\n\n\n\n<p>big show 2024 summer in weseartgaller<\/p>\n\n\n\n<p>2023-2024-contemporary art-online course<\/p>\n\n\n\n<p>2022- handmadefabric &amp; printmaking workshop\/ Hamburg, Grrmany<\/p>\n\n\n\n<p>2021- under-glaze painting workshop\/ Handprint.workshop, Mashhad, Iran<\/p>\n\n\n\n<p>2021- handmade fabric &amp; printmaking workshop\/ Hezehfiroozeh school, Tehran, Iran<\/p>\n\n\n\n<p>2021- printmaking workshop\/ municipality, Mashhad, Iran<\/p>\n\n\n\n<p>2020 \u20132022 lecturer ( color in fashion and color in interior design)\/ Mohandesan (Radkan) institute of<\/p>\n\n\n\n<p>Higher Education, Mashhad, Iran<\/p>\n\n\n\n<p>2018-until now lecturer (painting, drawing, printmaking &amp; mural)\/ Ferdows Institute of Higher Education ,<\/p>\n\n\n\n<p>Mashhad, Iran<\/p>\n\n\n\n<p>2013-2018 teacher (painting &amp; creativity of children)\/ Artin School, Artin Art gallery, Mashhad, Iran<\/p>\n\n\n\n<p>As a manager<\/p>\n\n\n\n<p>\uf0b7 2010-2018 Art manager\/ Artin Art gallery, Mashhad, Iran<\/p>\n\n\n\n<p>\uf0b7 2006-2017 Director (responsible for an association of advertising)\/Artin Graphic, Mashhad, Iran<\/p>\n\n\n\n<p>\uf0b7 Summer 2013 Director(\u201d Baby &amp; future\u201d festival)\/ Municipality, Mashhad, Iran<\/p>\n\n\n\n<p>\uf0b7 2006 Art manager( the comprehensive bank\u2019s wood &amp; furniture industry)<\/p>\n\n\n\n<p>As a Curator<\/p>\n\n\n\n<p>\uf0b7 Summer 2024 groupe Art and mod exhibition\/ Weserartgallerie \/ Bremen\/ Germany<\/p>\n\n\n\n<p><a href=\"https:\/\/www.weserpark.de\/aktuelles\/news\/ausstellung-ich-und-ich-selbst-immer-wieder-1012\">https:\/\/www.weserpark.de\/aktuelles\/news\/ausstellung-ich-und-ich-selbst-immer-wieder-1012<\/a><\/p>\n\n\n\n<p><a href=\"https:\/\/ezeitung.weser-kurier.de\/titles\/weserkurier\/6603\/publications\/174679\/pages\/2\">https:\/\/ezeitung.weser-kurier.de\/titles\/weserkurier\/6603\/publications\/174679\/pages\/2<\/a><\/p>\n\n\n\n<p>\uf0b7 Summer 2023 groupe visual art exhibition\/ Weserartgallerie \/ Bremen\/ Germany<\/p>\n\n\n\n<p>\uf0b7 Summer 2023 group costume design Installation\/ Weserartgallerie \/ Bremen\/ Germany<\/p>\n\n\n\n<p><a href=\"https:\/\/www.weserpark.de\/aktuelles\/news\/iranische-kunstausstellung-im-weserpark-ab-1-september-1045\">https:\/\/www.weserpark.de\/aktuelles\/news\/iranische-kunstausstellung-im-weserpark-ab-1-september-1045<\/a><\/p>\n\n\n\n<p>\uf0b7 Spring 2023 group printmaking exhibition\/ Weserartgallerie \/ Bremen\/ Germany<\/p>\n\n\n\n<p>\uf0b7 Summer 2022 group installation and exchange between Iran and ( Huchschole fur Kunste Bremen, Germany<\/p>\n\n\n\n<p>\uf0b7 Summer 2014 solo painting exhibition by Reza Hedayat \/Artin Art gallery, Mashhad, Iran<\/p>\n\n\n\n<p>\uf0b7 Summer 2013 group painting exhibition by \u201cYour Place is empty\u201d title \/Artin Art gallery, Mashhad, Iran<\/p>\n\n\n\n<p>\uf0b7 Summer 2013 group illustration exhibition by \u201cWhere I have not to travel\u201d title \/Artin Art gallery,<\/p>\n\n\n\n<p>Mashhad, Iran<\/p>\n\n\n\n<p>As a designer<\/p>\n\n\n\n<p>\uf0b7 Summmer 2023 until now costume desiner\/ Hafta Gallery<\/p>\n\n\n\n<p>\uf0b7 Spring 2018 until now cooperation with Otana_online as a costume, shoe and handmade bag\/ designer<\/p>\n\n\n\n<p>\uf0b7 Spring 2015 performance a Mural\/Beautification Organization of Tehran, Tehran, Iran<\/p>\n\n\n\n<p>\uf0b7 Fall 2007 designer and art manager(the first book of wood and furniture industry in Khorasan province)<\/p>\n\n\n\n<p>Exhibitions<\/p>\n\n\n\n<p>Solo Exhibitions<\/p>\n\n\n\n<p>\uf0b7 Spring 2024 Solo Costume design( Dress, Bag and shoe) exhibition\u06f7Weserart Gallery, Bremen, Germany<\/p>\n\n\n\n<p>\uf0b7 Winter 2023 Solo Painting, Drawing &amp; Printmaking and instalation exhibition\/ Flut Gallery, Bremen,<\/p>\n\n\n\n<p>Germany<\/p>\n\n\n\n<p>\uf0b7 Fall 2022 Solo fashion exhibition\/ Handprint gallery, Mashhad,Iran<\/p>\n\n\n\n<p>\uf0b7 Summer 2019 Solo Painting, Drawing &amp; Printmaking exhibition\/ Golestan Gallery, Tehran, Iran<\/p>\n\n\n\n<p>\uf0b7 Winter 2012 Solo Painting exhibition\/ Artin Art Gallery, Mashhad, Iran<\/p>\n\n\n\n<p>\uf0b7 Winter 2011 Solo custom design exhibition\/Artin Art Gallery, Mashhad, Iran<\/p>\n\n\n\n<p>Group Exhibitions<\/p>\n\n\n\n<p>Spring 2024 participation in fabric art exibithion as&#8221;Ein Tanz auf goldenen Linien&#8221;\/Velden, \u00f6sterreich<\/p>\n\n\n\n<p>Winter 2023-2024 participation in group painting exibithion \/Pop up art Gallery, Jupiter, Hamburg, Germany<\/p>\n\n\n\n<p>Fall 2023 participation in fabric art exibithion as&#8221; New Now&#8221;\/Arteria Galley, Barcelona, Spain<\/p>\n\n\n\n<p>Summer 2023 designer and curator of group costume design project as&#8221;I am but a burning desire&#8221; \/ Weserart<\/p>\n\n\n\n<p>Gallery, Bremen, German<\/p>\n\n\n\n<p>Winter 2023 participation in group vsual art exibithion as&#8221; This Winter&#8221;\/ Bremen, Flute Galley<\/p>\n\n\n\n<p>Summer 2022 participation in Fajr fashion Festival, Tehran, Iran<\/p>\n\n\n\n<p>Spring 2022 participation in group vsual art exibithion as&#8221; The shelf Show&#8221;\/Stadtscheune Galley , Otterndolf,<\/p>\n\n\n\n<p>Germany<\/p>\n\n\n\n<p>Winter 2022 participationin fabric group exibithion as&#8221;Eve&#8221; Tehran, Iran<\/p>\n\n\n\n<p>Fall 2021 participation in group visual art exhibition as\u201d I handed it over to someone else\u201d Tehran, Iran<\/p>\n\n\n\n<p>Summer 2021 participation in group visual art exhibition as \u201d The Kids Are Alright \u201d\/ GaDeWe<\/p>\n\n\n\n<p>gallery,Bremen, Germany<\/p>\n\n\n\n<p>Spring 2021 participation in group painting exhibition as \u201d Carbafoo \u201d\/ Asr art gallery , Tehran, iran<\/p>\n\n\n\n<p>Winter 2021 participation in group painting exhibition as \u201d Pick flower\u201d\/ Hengam gallery , Mashhad, Iran<\/p>\n\n\n\n<p>Summer 2020 participation in online group painting exhibition as\u201d Portrait 2020\u201d<\/p>\n\n\n\n<p>Summer 2020 participation in group painting &amp; printmaking Festival as\u201d Sateen\u201d \/ Tehran, Iran<\/p>\n\n\n\n<p>Summer 2020 participation in group painting &amp; drawing &amp; printmaking exhibition as\u201d Carbafoo\u201d\/ Sayeh<\/p>\n\n\n\n<p>Art Gallery, Tehran, Iran<\/p>\n\n\n\n<p>Winter 2020 participation in group painting &amp; drawing exhibition as\u201d The Offshoot of Art\u201d\/ Farmanfarma<\/p>\n\n\n\n<p>Gallery, Tehran, Iran<\/p>\n\n\n\n<p>Winter 2020 participation in Fajr visual Arts Festival, Tehran, Iran<\/p>\n\n\n\n<p>Winter 2020 participation in group painting &amp; drawing exhibition as\u201d The Sensation\u201d\/ Art and Culture<\/p>\n\n\n\n<p>Treasures Gallery, Yazd, Iran<\/p>\n\n\n\n<p>Winter 2020 participation in the second painting exposition\/ Iranian Artists Forum, Tehran, Iran<\/p>\n\n\n\n<p>Winter 2020 participation in group painting as\u201d Text by text\u201d \/ Iranian Artists Forum, Tehran, Iran<\/p>\n\n\n\n<p>Winter 2019 participation in Fajr visual Arts Festival, Tehran, Iran<\/p>\n\n\n\n<p>Fall 2018 participation in group painting &amp; sculpture exhibition as\u201d Coloryhthm\u201d\/ Saless Gallery, Tehran, Iran<\/p>\n\n\n\n<p>Summer 2018 participation in the first Carbafoo Painting Prize\/Abad Gallery, Tehran, Iran\/ Artin Gallery,<\/p>\n\n\n\n<p>Mashhad, Iran\/ Honar Gallery, Sari, Iran\/ Hoomehr Gallery, Kerman, Iran<\/p>\n\n\n\n<p>Winter 2018 Acceptation printmaking by Taiwan National museum (in the first step)<\/p>\n\n\n\n<p>Winter 2018 participation in group Exhibition as \u201dArte Genova\u201d Genova, Italy<\/p>\n\n\n\n<p>Fall 2017 participation in a group exhibition as\u201d Unfinished Lines II\u201d Albania National Museum, Tirana,<\/p>\n\n\n\n<p>Albania<\/p>\n\n\n\n<p>Winter 2016 participation in the second annual design exhibition of Esfand\/ Artin Art Gallery, Mashhad, Iran<\/p>\n\n\n\n<p>Spring 2015 participation in group costume design exhibition as \u201dHeads &amp; Hands\u201d\/Azad Gallery, Tehran, Iran<\/p>\n\n\n\n<p>Spring 2015 participation in the second annual printmaking exchange\/ Laleh Gallery, Tehran, Iran<\/p>\n\n\n\n<p>Spring 2014 participation in the first annual printmaking exchange\/ Laleh Gallery, Tehran, Iran<\/p>\n\n\n\n<p>Spring 2013 participation in group illustration exhibition as \u201cWhere I have not to travel\u201d\/Artin Art Gallery,<\/p>\n\n\n\n<p>Mashhad, Iran<\/p>\n\n\n\n<p>Winter 2013 participation in group handicrafts exhibition &amp; interview by Press TV as a handmad e bag<\/p>\n\n\n\n<p>designer\/ Aye Gallery, Sooreh Art University, Tehran<\/p>\n\n\n\n<p>Fall 2011 participation in the visual Arts festival with \u201cEight Paradise\u201d title\/ Artin Art Gallery, Mashhad, Iran<\/p>\n\n\n\n<p>Fall 2010 participation in the visual Arts festival with \u201cEight Paradise\u201d title Artin Art Gallery, Mashhad, Iran<\/p>\n\n\n\n<p>Winter 2023 nominated and winner for one of work participating in group visual art exhibition(International<\/p>\n\n\n\n<p>woman,s day)\/ Bremen\/Germany<\/p>\n\n\n\n<p>Current Projects<\/p>\n\n\n\n<p>Turandokht (2026 \u2013 ongoing)<br>An interdisciplinary artistic project reinterpreting the Persian myth of Turandokht through collaborative work by 70 Iranian artists from various disciplines, including fashion design, textile creation, jewelry, sculpture, and painting.<br>Organized into seven interdisciplinary teams (\u201cSeven Domes\u201d), the project will result in the production of 28 garments (Spring and Autumn editions), each accompanied by sculptural crowns and symbolic accessories.<br>The project will be presented in an exhibition tour in Bremen (Germany) and Rome (Italy), including runway performances, live music, and professional visual documentation<\/p>\n\n\n\n<p><\/p>\n\n\n\n<p>Courses<\/p>\n\n\n\n<p>2015 Spending a complete course of costume and fashion design\/Iran Tchnical complex<\/p>\n\n\n\n<p>2013 Spending a complete course of illustration of different texts (classic, poem\u2026)<\/p>\n\n\n\n<p>Sarzamin Baran Institute, Tehran, Iran<\/p>\n\n\n\n<p>2012 Spending a course of illustration for costom design Privet classes \/ Tehran Tchnical complex<\/p>\n\n\n\n<p>2012 Spending a course of the handmade shoe and bag by leather\/ Artin institution, Mashhad, Iran<\/p>\n\n\n\n<p>2010-2012 Spending a course of costume design\/ Artin institution, Mashhad, Iran<\/p>\n\n\n\n<p>2005-2010 Spending a complete course of picture language &amp; spatial visualization composition\/ Privet classes by Ali<\/p>\n\n\n\n<p>Siran, Mashhad, Iran<\/p>\n\n\n\n<p>2006 Spending a complete course of adobe softwares\/ Tehran Tchnical complex<\/p>\n\n\n\n<p>2005 Spending a course of color basics &amp; painting\/Mohandesan Institute, Mashhad, Iran<\/p>\n\n\n\n<p>2004 Spending a course of drawing\/Tehran Tchnical complex<\/p>\n\n\n\n<p><\/p>\n\n\n\n<p>Refrenses:<\/p>\n\n\n\n<p>Prof. Heike Kati Barath   hk.barath@hfk-beremen.de   Hochschule f\u00fcr K\u00fcnste Bremen, University of the Arts Prof. Dr.<\/p>\n\n\n\n<p> Martin Schulz   mschulz@hfk-bremen.de     Hochschule f\u00fcr K\u00fcnste Bremen, University of the Arts Prof. <\/p>\n\n\n\n<p>Cecilia Sj\u00f6holm      cecilia.sjoholm@sh.se     S\u00f6dert\u00f6rn University<\/p>\n\n\n\n<p><\/p>\n\n\n\n<p><\/p>\n","protected":false},"excerpt":{"rendered":"<p>Mitra Bostani Nasrabadi Personal information Live and work In Hamburg and Bremen Education 2024- until now Phd Student in Art, Huchschole fur Kunste Bremen, Germany 2020-2023 M.A in Art, Huchschole fur Kunste Bremen, Germany 2013-2015 M.A in Fine Art, University of the Art Soore, Tehran, Iran Experience As a Reviewer &amp; Referee 2023- Referee of [&hellip;]<\/p>\n","protected":false},"author":1,"featured_media":0,"parent":0,"menu_order":0,"comment_status":"closed","ping_status":"open","template":"","meta":{"footnotes":""},"class_list":["post-2","page","type-page","status-publish","hentry"],"_links":{"self":[{"href":"https:\/\/mitrabostani.com\/index.php\/wp-json\/wp\/v2\/pages\/2","targetHints":{"allow":["GET"]}}],"collection":[{"href":"https:\/\/mitrabostani.com\/index.php\/wp-json\/wp\/v2\/pages"}],"about":[{"href":"https:\/\/mitrabostani.com\/index.php\/wp-json\/wp\/v2\/types\/page"}],"author":[{"embeddable":true,"href":"https:\/\/mitrabostani.com\/index.php\/wp-json\/wp\/v2\/users\/1"}],"replies":[{"embeddable":true,"href":"https:\/\/mitrabostani.com\/index.php\/wp-json\/wp\/v2\/comments?post=2"}],"version-history":[{"count":7,"href":"https:\/\/mitrabostani.com\/index.php\/wp-json\/wp\/v2\/pages\/2\/revisions"}],"predecessor-version":[{"id":592,"href":"https:\/\/mitrabostani.com\/index.php\/wp-json\/wp\/v2\/pages\/2\/revisions\/592"}],"wp:attachment":[{"href":"https:\/\/mitrabostani.com\/index.php\/wp-json\/wp\/v2\/media?parent=2"}],"curies":[{"name":"wp","href":"https:\/\/api.w.org\/{rel}","templated":true}]}}